{"id":9640,"date":"2017-01-25T19:27:45","date_gmt":"2017-01-25T18:27:45","guid":{"rendered":"https:\/\/www.wellenklaenge.at\/cpm-2\/"},"modified":"2022-01-31T15:48:48","modified_gmt":"2022-01-31T14:48:48","slug":"cpm-jahresprogramm","status":"publish","type":"page","link":"http:\/\/2021.wellenklaenge.at\/en\/cpm-jahresprogramm\/","title":{"rendered":"Composer-Performer Music Lab &#8211; Annual Program"},"content":{"rendered":"<p>[vc_row el_class=&#8221;vl-text-justify&#8221; css=&#8221;.vc_custom_1485415717089{padding-top: 80px !important;padding-bottom: 40px !important;}&#8221;][vc_column width=&#8221;1\/4&#8243; css=&#8221;.vc_custom_1519215675502{padding-right: 20px !important;}&#8221;][vc_custom_heading text=&#8221;<strong>Composer-Performer Music Lab<\/strong><\/p>\n<p>Annual program&#8221; font_container=&#8221;tag:h4|text_align:right|color:%235b8fb5&#8243; use_theme_fonts=&#8221;yes&#8221; css=&#8221;.vc_custom_1616059599176{padding-right: 20px !important;}&#8221;][vc_custom_heading text=&#8221;Two semesters (September to June)&#8221; font_container=&#8221;tag:h4|font_size:20|text_align:right|color:%235b8fb5&#8243; use_theme_fonts=&#8221;yes&#8221; css=&#8221;.vc_custom_1616059607520{padding-right: 20px !important;}&#8221;][vc_empty_space height=&#8221;12px&#8221;][\/vc_column][vc_column width=&#8221;1\/2&#8243; css=&#8221;.vc_custom_1519215862420{border-left-width: 1px !important;border-left-color: #e1e0e1 !important;border-left-style: solid !important;border-radius: 1px !important;}&#8221;][vc_row_inner][vc_column_inner css=&#8221;.vc_custom_1519215801432{padding-left: 40px !important;}&#8221;][vc_custom_heading text=&#8221;Sound Art \u2013 Improvisation \u2013 Ensembles \u2013 Composition&#8221; font_container=&#8221;tag:h5|font_size:22|text_align:left&#8221; use_theme_fonts=&#8221;yes&#8221;][vc_column_text css=&#8221;.vc_custom_1616059691360{margin-bottom: 0px !important;}&#8221;]<em>From Inspiration to Performance<\/em><\/p>\n<p>Due to the positive experiences of the three previous CPM-Lab workshop weeks in Lunz am See and the feedback of participants of the last years, a 1-year program of the CPM-Lab will be developed from 2021 on, which enables to continue the creative process.<br \/>\nDuring the workshop week in Lunz am See, many creative doors will be opened, the development of new skills will be initiated and the participants will be given the opportunity to get in touch with their own musical voice, to realize it in an ensemble and to perform their new works on the wellenkl\u00e6nge festival stage.<\/p>\n<p>Since creativity and artistic development are processual procedures, the next step is to accompany the workshop participants: starting from the workshop week in Lunz, the annual program continues with individual- and group-lessons for the participants over the period of a whole year. Ideally the outcome of the 1-year program is a joint final concert or performance.<br \/>\nEach semester, a guest speaker will give an impulse workshop on the topic of project development or improvisation.[\/vc_column_text][\/vc_column_inner][\/vc_row_inner][\/vc_column][vc_column width=&#8221;1\/4&#8243; el_id=&#8221;1112&#8243;][vc_custom_heading text=&#8221;Men\u00fc&#8221; font_container=&#8221;tag:h2|font_size:12|text_align:right&#8221; use_theme_fonts=&#8221;yes&#8221;][vc_custom_heading text=&#8221;CPM-Lab&#8221; font_container=&#8221;tag:h3|font_size:22|text_align:right&#8221; use_theme_fonts=&#8221;yes&#8221;][vc_wp_custommenu nav_menu=&#8221;165&#8243;][vc_empty_space][vc_btn title=&#8221;HIER ANMELDEN&#8221; style=&#8221;custom&#8221; custom_background=&#8221;#5b8fb5&#8243; custom_text=&#8221;#ffffff&#8221; shape=&#8221;square&#8221; align=&#8221;right&#8221; css_animation=&#8221;fadeInRight&#8221; link=&#8221;url:http%3A%2F%2Fwww.wellenklaenge.at%2Fcpm%2Fcpm-anmeldung%2F|||&#8221;][\/vc_column][\/vc_row][vc_row full_width=&#8221;stretch_row_content_no_spaces&#8221; parallax=&#8221;content-moving-fade&#8221; parallax_speed_bg=&#8221;21.5&#8243;][vc_column][vc_empty_space height=&#8221;50px&#8221;][vc_single_image image=&#8221;9684&#8243; img_size=&#8221;large&#8221; alignment=&#8221;center&#8221;][vc_empty_space height=&#8221;50px&#8221;][\/vc_column][\/vc_row][vc_row full_width=&#8221;stretch_row_content_no_spaces&#8221; parallax=&#8221;content-moving-fade&#8221; parallax_speed_bg=&#8221;21.5&#8243;][vc_column]<div class=\"vl-default-header vl-parallax \" style=\"background-image: url(http:\/\/2021.wellenklaenge.at\/wp-content\/uploads\/2021\/01\/CPM-2021-1.jpg);\"><div class=\"container\"><div class=\"vl-default-header--content\"><div class=\"vl-text-left\"><h1 class=\"vl-default-header--title\" style=\"color:#111111;\"><\/h1><\/div><\/div><\/div><\/div>[vc_empty_space height=&#8221;50px&#8221;][\/vc_column][\/vc_row][vc_row el_class=&#8221;vl-text-justify&#8221; css=&#8221;.vc_custom_1611915949786{padding-top: 20px !important;padding-bottom: 40px !important;}&#8221;][vc_column width=&#8221;1\/4&#8243;][vc_custom_heading text=&#8221;<strong>Annual Program Timeline<\/strong>&#8221; font_container=&#8221;tag:h4|text_align:right|color:%235b8fb5&#8243; use_theme_fonts=&#8221;yes&#8221; css=&#8221;.vc_custom_1616059804629{padding-right: 20px !important;}&#8221;][\/vc_column][vc_column width=&#8221;1\/2&#8243; css=&#8221;.vc_custom_1519215941688{border-left-width: 1px !important;border-left-color: #e1e0e1 !important;border-left-style: solid !important;border-radius: 1px !important;}&#8221;][vc_row_inner][vc_column_inner css=&#8221;.vc_custom_1519215938872{padding-left: 40px !important;}&#8221;][vc_column_text css=&#8221;.vc_custom_1616059840646{margin-bottom: 0px !important;}&#8221;]<strong>Workshop week (July):<\/strong><br \/>\nCPM-Lab week in Lunz am See. The week in Lunz am See can be taken either before or after the annual program. However, we suggest visiting it at the beginning of the period.[\/vc_column_text][vc_btn title=&#8221;Workshop-Woche buchen&#8221; style=&#8221;custom&#8221; custom_background=&#8221;#5b8fb5&#8243; custom_text=&#8221;#ffffff&#8221; shape=&#8221;square&#8221; align=&#8221;right&#8221; css_animation=&#8221;fadeInRight&#8221; link=&#8221;url:http%3A%2F%2Fwww.wellenklaenge.at%2Fcpm%2Fcpm-anmeldung%2F|||&#8221;][\/vc_column_inner][\/vc_row_inner][vc_row_inner][vc_column_inner css=&#8221;.vc_custom_1519215938872{padding-left: 40px !important;}&#8221;][vc_column_text css=&#8221;.vc_custom_1616059951799{margin-bottom: 20px !important;}&#8221;]<strong>1st semester (September-January):<\/strong><br \/>\nFrom September to January, each participant has 5 teaching units at the instructors&#8217; disposal. These individual units will be combined and take place by the day, so that other participants also can listen or take part. Thus, there will be one day per month where the lessons will be held in blocks for everyone. The group-atmosphere of the summer week is thus recalled.<br \/>\nOn two weekends the whole class will come together, rehearse the already existing material, and develop it further in the group. There will be one guest workshop per semester.<\/p>\n<p><strong>2nd semester (February-June):<\/strong><br \/>\nThe 2nd semester follows the same principle as the 1st semester. Furthermore, there will be an intensive preparation for the final concert, which probably takes place in Vienna or Lunz.[\/vc_column_text][vc_btn title=&#8221;book annual program&#8221; style=&#8221;custom&#8221; custom_background=&#8221;#5b8fb5&#8243; custom_text=&#8221;#ffffff&#8221; shape=&#8221;square&#8221; align=&#8221;right&#8221; css_animation=&#8221;fadeInRight&#8221; link=&#8221;url:http%3A%2F%2Fwww.wellenklaenge.at%2Fcpm%2Fcpm-anmeldung%2F|||&#8221;][\/vc_column_inner][\/vc_row_inner][\/vc_column][vc_column width=&#8221;1\/4&#8243;][\/vc_column][\/vc_row][vc_row el_class=&#8221;vl-text-justify&#8221; css=&#8221;.vc_custom_1611915949786{padding-top: 20px !important;padding-bottom: 40px !important;}&#8221;][vc_column width=&#8221;1\/4&#8243;][vc_custom_heading text=&#8221;<strong>rehearsal weekends<\/strong>&#8221; font_container=&#8221;tag:h4|text_align:right|color:%235b8fb5&#8243; use_theme_fonts=&#8221;yes&#8221; css=&#8221;.vc_custom_1616060047339{padding-right: 20px !important;}&#8221;][\/vc_column][vc_column width=&#8221;1\/2&#8243; css=&#8221;.vc_custom_1519215941688{border-left-width: 1px !important;border-left-color: #e1e0e1 !important;border-left-style: solid !important;border-radius: 1px !important;}&#8221;][vc_row_inner][vc_column_inner css=&#8221;.vc_custom_1519215938872{padding-left: 40px !important;}&#8221;][vc_column_text css=&#8221;.vc_custom_1616059961976{margin-bottom: 0px !important;}&#8221;]The individual lessons and the ensemble weekends will be held in Vienna.<\/p>\n<p><strong>Time frame of the rehearsal weekends:<\/strong><br \/>\nFri. 14:00-20:00<br \/>\nSat. 10:00-19:00[\/vc_column_text][\/vc_column_inner][\/vc_row_inner][\/vc_column][vc_column width=&#8221;1\/4&#8243;][\/vc_column][\/vc_row][vc_row disable_element=&#8221;yes&#8221; el_class=&#8221;vl-text-justify&#8221; css=&#8221;.vc_custom_1616060091701{padding-top: 20px !important;padding-bottom: 40px !important;}&#8221;][vc_column width=&#8221;1\/4&#8243;][vc_custom_heading text=&#8221;<strong>Unterrichtsorte<\/strong>&#8221; font_container=&#8221;tag:h4|text_align:right|color:%235b8fb5&#8243; use_theme_fonts=&#8221;yes&#8221; css=&#8221;.vc_custom_1611916699465{padding-right: 20px !important;}&#8221;][\/vc_column][vc_column width=&#8221;1\/2&#8243; css=&#8221;.vc_custom_1519215941688{border-left-width: 1px !important;border-left-color: #e1e0e1 !important;border-left-style: solid !important;border-radius: 1px !important;}&#8221;][vc_row_inner][vc_column_inner css=&#8221;.vc_custom_1519215938872{padding-left: 40px !important;}&#8221;][vc_column_text css=&#8221;.vc_custom_1611916692141{margin-bottom: 0px !important;}&#8221;]Der Einzelunterricht und die Ensemble-Wochenenden werden in Wien abgehalten.<\/p>\n<p>Auch zwischen den gemeinsamen Treffen soll den Teilnehmer*innen eine Location f\u00fcr individuelles Proben zur Verf\u00fcgung gestellt werden, sodass selbstorganisierte Treffen m\u00f6glich sind. Der Austausch innerhalb der Gruppe wird durch Signal-Gruppen und Zoom-Meetings gef\u00f6rdert.[\/vc_column_text][\/vc_column_inner][\/vc_row_inner][\/vc_column][vc_column width=&#8221;1\/4&#8243;][\/vc_column][\/vc_row][vc_row el_class=&#8221;vl-text-justify&#8221; css=&#8221;.vc_custom_1611915949786{padding-top: 20px !important;padding-bottom: 40px !important;}&#8221;][vc_column width=&#8221;1\/4&#8243;][vc_custom_heading text=&#8221;<strong>Content<\/strong>&#8221; font_container=&#8221;tag:h4|text_align:right|color:%235b8fb5&#8243; use_theme_fonts=&#8221;yes&#8221; css=&#8221;.vc_custom_1616060102769{padding-right: 20px !important;}&#8221;][\/vc_column][vc_column width=&#8221;1\/2&#8243; css=&#8221;.vc_custom_1519215941688{border-left-width: 1px !important;border-left-color: #e1e0e1 !important;border-left-style: solid !important;border-radius: 1px !important;}&#8221;][vc_row_inner][vc_column_inner css=&#8221;.vc_custom_1519215938872{padding-left: 40px !important;}&#8221;][vc_column_text css=&#8221;.vc_custom_1616060113699{margin-bottom: 0px !important;}&#8221;]In general, all (instrumentation) possibilities, directions and formats are open to the participants.<\/p>\n<p>As well as how many pieces of what kind are created is completely up to them. Impulses and possible directions will be given at the beginning of the period.The content of the workshop also aims to provide ideas on the topics of art &amp; politics, deep listening, structures in the creative process (working modes) and personal artistic development. During the common weekends these topics will find their place in the form of impulse lectures as well as in common discussions. Rhythmic exercises in the group will frame the common sessions. The sessions will be concluded by dancing together to music that the participants have put on themselves.<br \/>\n_[\/vc_column_text][\/vc_column_inner][\/vc_row_inner][\/vc_column][vc_column width=&#8221;1\/4&#8243;][\/vc_column][\/vc_row][vc_row el_class=&#8221;vl-text-justify&#8221; css=&#8221;.vc_custom_1611915949786{padding-top: 20px !important;padding-bottom: 40px !important;}&#8221;][vc_column width=&#8221;1\/4&#8243;][vc_custom_heading text=&#8221;<strong>Final Concert \/ Performance<\/strong>&#8221; font_container=&#8221;tag:h4|text_align:right|color:%235b8fb5&#8243; use_theme_fonts=&#8221;yes&#8221; css=&#8221;.vc_custom_1616061276493{padding-right: 20px !important;}&#8221;][\/vc_column][vc_column width=&#8221;1\/2&#8243; css=&#8221;.vc_custom_1519215941688{border-left-width: 1px !important;border-left-color: #e1e0e1 !important;border-left-style: solid !important;border-radius: 1px !important;}&#8221;][vc_row_inner][vc_column_inner css=&#8221;.vc_custom_1519215938872{padding-left: 40px !important;}&#8221;][vc_column_text css=&#8221;.vc_custom_1616061289480{margin-bottom: 0px !important;}&#8221;]The format of the final concert will be developed jointly by participants and presenters over the course of the year. Anything from a traditional concert format to a multimedia performance is possible, depending on the content and concept of the works.[\/vc_column_text][\/vc_column_inner][\/vc_row_inner][\/vc_column][vc_column width=&#8221;1\/4&#8243;][\/vc_column][\/vc_row][vc_row full_width=&#8221;stretch_row_content_no_spaces&#8221; parallax=&#8221;content-moving-fade&#8221; parallax_speed_bg=&#8221;21.5&#8243;][vc_column]<div class=\"vl-default-header vl-parallax \" style=\"background-image: url(http:\/\/2021.wellenklaenge.at\/wp-content\/uploads\/2021\/01\/CPM-2021-2.jpg);\"><div class=\"container\"><div class=\"vl-default-header--content\"><div class=\"vl-text-left\"><h1 class=\"vl-default-header--title\" style=\"color:#111111;\"><\/h1><\/div><\/div><\/div><\/div>[vc_empty_space height=&#8221;50px&#8221;][\/vc_column][\/vc_row][vc_row el_class=&#8221;vl-text-justify&#8221; css=&#8221;.vc_custom_1611915949786{padding-top: 20px !important;padding-bottom: 40px !important;}&#8221;][vc_column width=&#8221;1\/4&#8243;][vc_custom_heading text=&#8221;<strong>Participant profile<\/strong>&#8221; font_container=&#8221;tag:h4|text_align:right|color:%235b8fb5&#8243; use_theme_fonts=&#8221;yes&#8221; css=&#8221;.vc_custom_1616061312062{padding-right: 20px !important;}&#8221;][\/vc_column][vc_column width=&#8221;1\/2&#8243; css=&#8221;.vc_custom_1519215941688{border-left-width: 1px !important;border-left-color: #e1e0e1 !important;border-left-style: solid !important;border-radius: 1px !important;}&#8221;][vc_row_inner][vc_column_inner css=&#8221;.vc_custom_1519215938872{padding-left: 40px !important;}&#8221;][vc_column_text css=&#8221;.vc_custom_1616061334356{margin-bottom: 0px !important;}&#8221;]The CPM Lab is aimed at instrumentalists, improvisers, electroacousticians and composers who are both active instrumentalists or performers and create their own musical works.<br \/>\nA music degree is desired but not required. Explicitly, participants from other courses of study or professions are also invited to take part in the CPM-Lab in order to allow for the highest possible diversity.<\/p>\n<p><strong>Maximum number of participants:<\/strong> 12 persons<br \/>\n<strong>Minimum number of participants:<\/strong> 5 persons[\/vc_column_text][\/vc_column_inner][\/vc_row_inner][\/vc_column][vc_column width=&#8221;1\/4&#8243;][\/vc_column][\/vc_row][vc_row el_class=&#8221;vl-text-justify&#8221; css=&#8221;.vc_custom_1611915949786{padding-top: 20px !important;padding-bottom: 40px !important;}&#8221;][vc_column width=&#8221;1\/4&#8243;][vc_custom_heading text=&#8221;<strong>Instructors<\/strong>&#8221; font_container=&#8221;tag:h4|text_align:right|color:%235b8fb5&#8243; use_theme_fonts=&#8221;yes&#8221; css=&#8221;.vc_custom_1616059369731{padding-right: 20px !important;}&#8221;][\/vc_column][vc_column width=&#8221;1\/2&#8243; css=&#8221;.vc_custom_1519215941688{border-left-width: 1px !important;border-left-color: #e1e0e1 !important;border-left-style: solid !important;border-radius: 1px !important;}&#8221;][vc_row_inner][vc_column_inner css=&#8221;.vc_custom_1519215938872{padding-left: 40px !important;}&#8221;][vc_column_text css=&#8221;.vc_custom_1616061527793{margin-bottom: 0px !important;}&#8221;]<\/p>\n<p style=\"text-align: left;\"><span style=\"color: #5b8fb5;\"><a href=\"https:\/\/www.wellenklaenge.at\/cpm\/cpm-referenten\/\"><strong>+ Ang\u00e9lica Castell\u00f3<\/strong><\/a> \u2013 composition, ensemble<br \/>\n<a style=\"color: #5b8fb5;\" href=\"https:\/\/www.wellenklaenge.at\/cpm\/cpm-referenten\/\"><strong>+ Simon Z\u00f6chbauer<\/strong><\/a><\/span> \u2013 workshop management, improvisation, composition, ensemble<br \/>\n<span style=\"color: #5b8fb5;\"><a style=\"color: #5b8fb5;\" href=\"https:\/\/www.wellenklaenge.at\/cpm\/cpm-referenten\/\"><strong>+ David Six<\/strong> <\/a><\/span>\u2013 guest instructor for improvisation<\/p>\n<p>Guest Instructor:<br \/>\n<span style=\"color: #5b8fb5;\"><a style=\"color: #5b8fb5;\" href=\"https:\/\/www.julialacherstorfer.at\/wp\/\"><strong>+ Julia Lacherstorfer<\/strong><\/a><\/span> \u2013 project development<\/p>\n<p>&nbsp;<\/p>\n<p>If an essential instrument is missing in the year group line-up, it is possible to bring an instrumentalist into the ensemble only for the rehearsal and performance weekends. In this way, an instrumentation that makes sense for the artistic work can be guaranteed.[\/vc_column_text][\/vc_column_inner][\/vc_row_inner][\/vc_column][vc_column width=&#8221;1\/4&#8243;][\/vc_column][\/vc_row][vc_row el_class=&#8221;vl-text-justify&#8221; css=&#8221;.vc_custom_1611915949786{padding-top: 20px !important;padding-bottom: 40px !important;}&#8221;][vc_column width=&#8221;1\/4&#8243;][vc_custom_heading text=&#8221;<strong>Benefits of the CPM-Lab Annual Program:<\/strong>&#8221; font_container=&#8221;tag:h4|text_align:right|color:%235b8fb5&#8243; use_theme_fonts=&#8221;yes&#8221; css=&#8221;.vc_custom_1616061559824{padding-right: 20px !important;}&#8221;][\/vc_column][vc_column width=&#8221;1\/2&#8243; css=&#8221;.vc_custom_1519215941688{border-left-width: 1px !important;border-left-color: #e1e0e1 !important;border-left-style: solid !important;border-radius: 1px !important;}&#8221;][vc_row_inner][vc_column_inner css=&#8221;.vc_custom_1519215938872{padding-left: 40px !important;}&#8221;][vc_column_text css=&#8221;.vc_custom_1616061545253{margin-bottom: 0px !important;}&#8221;]<strong>+ high flexibility in your own design<\/strong><\/p>\n<p><strong>+ individual support by experienced instructors<\/strong><\/p>\n<p><strong>+ possibility to participate as an individual or with your own ensemble<\/strong><\/p>\n<p><strong>+ low semester costs<\/strong><\/p>\n<p><strong>+ framework for practical creation, experimentation and rehearsal is given<\/strong><\/p>\n<p><strong>+ networking of electroacoustic music and instrumental music<\/strong><\/p>\n<p><strong>+ multimedia implementation possibilities are supported<\/strong><\/p>\n<p><strong>+ social component is very high, as a small, fixed group is on the road together for a year<\/strong><\/p>\n<p><strong>+ high degree of personal participation and co-design possibilities for participants<\/strong><\/p>\n<p><strong>+ ideal as an accompaniment and supplement to (music) studies<\/strong><\/p>\n<p><strong>Translated with www.DeepL.com\/Translator (free version)<\/strong>[\/vc_column_text][\/vc_column_inner][\/vc_row_inner][\/vc_column][vc_column width=&#8221;1\/4&#8243;][\/vc_column][\/vc_row][vc_row][vc_column][vc_empty_space height=&#8221;50px&#8221;][\/vc_column][\/vc_row]<\/p>","protected":false},"excerpt":{"rendered":"<p>[vc_row el_class=&#8221;vl-text-justify&#8221; css=&#8221;.vc_custom_1485415717089{padding-top: 80px !important;padding-bottom: 40px !important;}&#8221;][vc_column width=&#8221;1\/4&#8243; css=&#8221;.vc_custom_1519215675502{padding-right: 20px !important;}&#8221;][vc_custom_heading text=&#8221;Composer-Performer Music Lab Annual program&#8221; font_container=&#8221;tag:h4|text_align:right|color:%235b8fb5&#8243; use_theme_fonts=&#8221;yes&#8221; css=&#8221;.vc_custom_1616059599176{padding-right: 20px !important;}&#8221;][vc_custom_heading text=&#8221;Two semesters (September to June)&#8221; font_container=&#8221;tag:h4|font_size:20|text_align:right|color:%235b8fb5&#8243; use_theme_fonts=&#8221;yes&#8221; css=&#8221;.vc_custom_1616059607520{padding-right: 20px !important;}&#8221;][vc_empty_space height=&#8221;12px&#8221;][\/vc_column][vc_column width=&#8221;1\/2&#8243; css=&#8221;.vc_custom_1519215862420{border-left-width: 1px !important;border-left-color: #e1e0e1 !important;border-left-style: solid !important;border-radius: 1px !important;}&#8221;][vc_row_inner][vc_column_inner css=&#8221;.vc_custom_1519215801432{padding-left: 40px !important;}&#8221;][vc_custom_heading text=&#8221;Sound Art \u2013 Improvisation \u2013 Ensembles \u2013 Composition&#8221; font_container=&#8221;tag:h5|font_size:22|text_align:left&#8221; use_theme_fonts=&#8221;yes&#8221;][vc_column_text css=&#8221;.vc_custom_1616059691360{margin-bottom: 0px !important;}&#8221;]From Inspiration to &#8230;<\/p>\n","protected":false},"author":1,"featured_media":0,"parent":0,"menu_order":4,"comment_status":"closed","ping_status":"closed","template":"template-custom-page.php","meta":[],"_links":{"self":[{"href":"http:\/\/2021.wellenklaenge.at\/en\/wp-json\/wp\/v2\/pages\/9640"}],"collection":[{"href":"http:\/\/2021.wellenklaenge.at\/en\/wp-json\/wp\/v2\/pages"}],"about":[{"href":"http:\/\/2021.wellenklaenge.at\/en\/wp-json\/wp\/v2\/types\/page"}],"author":[{"embeddable":true,"href":"http:\/\/2021.wellenklaenge.at\/en\/wp-json\/wp\/v2\/users\/1"}],"replies":[{"embeddable":true,"href":"http:\/\/2021.wellenklaenge.at\/en\/wp-json\/wp\/v2\/comments?post=9640"}],"version-history":[{"count":62,"href":"http:\/\/2021.wellenklaenge.at\/en\/wp-json\/wp\/v2\/pages\/9640\/revisions"}],"predecessor-version":[{"id":11479,"href":"http:\/\/2021.wellenklaenge.at\/en\/wp-json\/wp\/v2\/pages\/9640\/revisions\/11479"}],"wp:attachment":[{"href":"http:\/\/2021.wellenklaenge.at\/en\/wp-json\/wp\/v2\/media?parent=9640"}],"curies":[{"name":"wp","href":"https:\/\/api.w.org\/{rel}","templated":true}]}}