{"id":3208,"date":"2017-01-25T19:27:45","date_gmt":"2017-01-25T18:27:45","guid":{"rendered":"http:\/\/www.wellenklaenge.at\/cpm\/cpm-referenten-2\/"},"modified":"2021-06-08T18:21:52","modified_gmt":"2021-06-08T16:21:52","slug":"schallwellen-musikwerkstatt-referenten","status":"publish","type":"page","link":"http:\/\/2021.wellenklaenge.at\/en\/schallwellen-musikwerkstatt-2\/schallwellen-musikwerkstatt-referenten\/","title":{"rendered":"Schallwellen Workshop &#8211; Referenten"},"content":{"rendered":"<p>[vc_row full_width=&#8221;stretch_row_content_no_spaces&#8221; parallax=&#8221;content-moving-fade&#8221; parallax_speed_bg=&#8221;21.5&#8243;][vc_column]<div class=\"vl-default-header vl-parallax \" style=\"background-image: url(http:\/\/2021.wellenklaenge.at\/wp-content\/uploads\/2021\/01\/schallwellen_03.jpg);\"><div class=\"container\"><div class=\"vl-default-header--content\"><div class=\"vl-text-left\"><h1 class=\"vl-default-header--title\" style=\"color:#111111;\"><\/h1><\/div><\/div><\/div><\/div>[vc_empty_space height=&#8221;50px&#8221;][\/vc_column][\/vc_row][vc_row el_class=&#8221;vl-text-justify&#8221; css=&#8221;.vc_custom_1519215466730{padding-top: 20px !important;padding-bottom: 40px !important;}&#8221;][vc_column width=&#8221;1\/4&#8243;][vc_custom_heading text=&#8221;Johanna Kugler (AT)&#8221; font_container=&#8221;tag:h4|text_align:right|color:%235b8fb5&#8243; use_theme_fonts=&#8221;yes&#8221; css=&#8221;.vc_custom_1550949936717{padding-right: 20px !important;}&#8221;][vc_single_image image=&#8221;9733&#8243; img_size=&#8221;full&#8221; alignment=&#8221;right&#8221; onclick=&#8221;link_image&#8221; css=&#8221;.vc_custom_1612198671215{padding-right: 20px !important;}&#8221;][\/vc_column][vc_column width=&#8221;1\/2&#8243; css=&#8221;.vc_custom_1519215941688{border-left-width: 1px !important;border-left-color: #e1e0e1 !important;border-left-style: solid !important;border-radius: 1px !important;}&#8221;][vc_row_inner][vc_column_inner css=&#8221;.vc_custom_1519215938872{padding-left: 40px !important;}&#8221;][vc_column_text css=&#8221;.vc_custom_1551279922661{margin-bottom: 0px !important;}&#8221;]<\/p>\n<p style=\"text-align: left;\">Johanna Kugler was born in Vienna and has been singing and playing the violin for several years. Her musical repertoire is hugely versatile, though her focus is on traditional styles. While studying violin and rhythm in Vienna, Graz and Eisenstadt, she toured around Europe with several bands, such as Netnakisum, Ethno in Transit or String Syndicate. Currently, she is a member of Tanzhausgeiger, Karat Apart, Black Market Tune and the successful Austrian musical comedy group Landstreich. She holds several courses and workshops all around the globe, e.g. at Ethno Camps in Estonia and Slovenia, at festivals in Bolivia, Italy and Sweden, and at numerous Austrian folk music events. She also teaches at the University of Music and Performing Arts in Vienna.<\/p>\n<p style=\"text-align: left; color: #5b8fb5;\"><a href=\"http:\/\/www.tanzhausgeiger.tradmus.org\" target=\"_blank\" rel=\"noopener\">www.tanzhausgeiger.tradmus.org<\/a><br \/>\n<a href=\"http:\/\/www.blackmarkettune.com\" target=\"_blank\" rel=\"noopener\">www.blackmarkettune.com<\/a><br \/>\n<a href=\"http:\/\/www.karat-apart.at\" target=\"_blank\" rel=\"noopener\">www.karat-apart.at<\/a><\/p>\n<p>[\/vc_column_text][\/vc_column_inner][\/vc_row_inner][\/vc_column][vc_column width=&#8221;1\/4&#8243;][vc_custom_heading text=&#8221;Menu&#8221; font_container=&#8221;tag:h2|font_size:12|text_align:right&#8221; use_theme_fonts=&#8221;yes&#8221;][vc_wp_custommenu nav_menu=&#8221;166&#8243;][vc_empty_space height=&#8221;32&#8243;][vc_btn title=&#8221;SIGN IN HERE&#8221; style=&#8221;custom&#8221; custom_background=&#8221;#5b8fb5&#8243; custom_text=&#8221;#ffffff&#8221; shape=&#8221;square&#8221; align=&#8221;right&#8221; css_animation=&#8221;fadeInRight&#8221; link=&#8221;url:http%3A%2F%2Fwww.wellenklaenge.at%2Fschallwellen-musikwerkstatt-anmeldung%2F|||&#8221;][\/vc_column][\/vc_row][vc_row disable_element=&#8221;yes&#8221; el_class=&#8221;vl-text-justify&#8221; css=&#8221;.vc_custom_1574616387713{padding-top: 20px !important;padding-bottom: 40px !important;}&#8221;][vc_column width=&#8221;1\/4&#8243;][vc_custom_heading text=&#8221;Albin Paulus (AT) &#8221; font_container=&#8221;tag:h4|text_align:right|color:%235b8fb5&#8243; use_theme_fonts=&#8221;yes&#8221; css=&#8221;.vc_custom_1550949913901{padding-right: 20px !important;}&#8221;][vc_single_image image=&#8221;5639&#8243; img_size=&#8221;full&#8221; alignment=&#8221;right&#8221; onclick=&#8221;link_image&#8221; css=&#8221;.vc_custom_1550951450809{padding-right: 20px !important;}&#8221;][\/vc_column][vc_column width=&#8221;1\/2&#8243; css=&#8221;.vc_custom_1519215941688{border-left-width: 1px !important;border-left-color: #e1e0e1 !important;border-left-style: solid !important;border-radius: 1px !important;}&#8221;][vc_row_inner][vc_column_inner css=&#8221;.vc_custom_1519215938872{padding-left: 40px !important;}&#8221;][vc_column_text css=&#8221;.vc_custom_1551791338478{margin-bottom: 0px !important;}&#8221;]The English text is coming soon&#8230;<br \/>\nAlbin Paulus wuchs als Sohn \u00f6sterreichischer Eltern in Braunschweig auf. Sehr fr\u00fch faszinierten ihn ungew\u00f6hnliche Kl\u00e4nge, und bald entdeckte er die Maultrommel, das Jodeln und den Dudelsack f\u00fcr sich.<\/p>\n<p>Nach einer klassischen Klarinettenausbildung und einem Musikwissenschaftstudium in Wien machte er sich weltweit einen Namen als Maultrommelvirtuose, innovativer Jodler- und Stimmakrobat sowie als Multiinstrumentalist in den unterschiedlichsten Genres von Klassik \u00fcber Ambient, Theater und Performance bis Folk. Zahlreiche Preise wie der &#8220;Weltvirtuose der Maultrommel&#8221; in Jakutsk\/ Sibirien, der &#8220;Ma\u00eetre Sonneur&#8221; f\u00fcr Dudelsack in St. Chartier (F) und Auszeichnungen f\u00fcr seine Gruppe Hotel Palindrone (deutsche Schallplattenkritik, Bravos des Trad Magazine, europ. Folkpreis Eiserner Eversteiner) begleiten seine Suche nach neuen Klangwelten. Klischees mit einem Augenzwinkern zu entlarven ist seine Mission! Er ist Mitglied des &#8220;Love Tree Ensembes&#8221; um den Geiger Harald Haugaard und die S\u00e4ngerin Helene Blum. Daneben betreibt er Musikarch\u00e4ologie mit seinem Ensemble Cantlon, erfindet neue Instrumente und leitet eine Klasse f\u00fcr Weltmusik an der Musikschule Wien.<\/p>\n<p><a style=\"color: #5b8fb5;\" href=\"http:\/\/www.albinpaulus.com\" target=\"_blank\" rel=\"noopener\">www.albinpaulus.com<\/a>[\/vc_column_text][\/vc_column_inner][\/vc_row_inner][\/vc_column][vc_column width=&#8221;1\/4&#8243;][\/vc_column][\/vc_row][vc_row el_class=&#8221;vl-text-justify&#8221; css=&#8221;.vc_custom_1519215466730{padding-top: 20px !important;padding-bottom: 40px !important;}&#8221;][vc_column width=&#8221;1\/4&#8243;][vc_custom_heading text=&#8221;Sophie Abraham (NL)&#8221; font_container=&#8221;tag:h4|text_align:right|color:%235b8fb5&#8243; use_theme_fonts=&#8221;yes&#8221; css=&#8221;.vc_custom_1550949942117{padding-right: 20px !important;}&#8221;][vc_single_image image=&#8221;9734&#8243; img_size=&#8221;full&#8221; alignment=&#8221;right&#8221; onclick=&#8221;link_image&#8221; css=&#8221;.vc_custom_1612198680890{padding-right: 20px !important;}&#8221;][\/vc_column][vc_column width=&#8221;1\/2&#8243; css=&#8221;.vc_custom_1519215941688{border-left-width: 1px !important;border-left-color: #e1e0e1 !important;border-left-style: solid !important;border-radius: 1px !important;}&#8221;][vc_row_inner][vc_column_inner css=&#8221;.vc_custom_1519215938872{padding-left: 40px !important;}&#8221;][vc_column_text css=&#8221;.vc_custom_1551279938319{margin-bottom: 0px !important;}&#8221;]Sophie Abraham was born in the Netherlands in 1986. She studied Cello in Graz and Vienna, with Prof. R. Leopold and Prof. R. Latzko. She is a musician and composer who constantly seeks to link elements of classical music, modern classical music, jazz and pop music, as a solo artist or in ensembles. Sophie Abraham is a member of the radio.string.quartet, Trio Fr\u00fchst\u00fcck, and the World Music formation SCURDIA. She frequently collaborates with the Austrian storyteller Folke Tegetthoff, and in 2016 she had her debut as a film composer and performer (Turkish Way). She also teaches in Vienna and St. P\u00f6lten.<\/p>\n<p><a style=\"color: #5b8fb5;\" href=\"http:\/\/www.sophie-abraham.com\" target=\"_blank\" rel=\"noopener\">www.sophie-abraham.com<\/a>[\/vc_column_text][\/vc_column_inner][\/vc_row_inner][\/vc_column][vc_column width=&#8221;1\/4&#8243;][\/vc_column][\/vc_row][vc_row el_class=&#8221;vl-text-justify&#8221; css=&#8221;.vc_custom_1519215466730{padding-top: 20px !important;padding-bottom: 40px !important;}&#8221;][vc_column width=&#8221;1\/4&#8243;][vc_custom_heading text=&#8221;Julia Lacherstorfer (AT)&#8221; font_container=&#8221;tag:h4|text_align:right|color:%235b8fb5&#8243; use_theme_fonts=&#8221;yes&#8221; css=&#8221;.vc_custom_1550951583042{padding-right: 20px !important;}&#8221;][vc_single_image image=&#8221;9735&#8243; img_size=&#8221;full&#8221; alignment=&#8221;right&#8221; onclick=&#8221;link_image&#8221; css=&#8221;.vc_custom_1612198721751{padding-right: 20px !important;}&#8221;][\/vc_column][vc_column width=&#8221;1\/2&#8243; css=&#8221;.vc_custom_1519215941688{border-left-width: 1px !important;border-left-color: #e1e0e1 !important;border-left-style: solid !important;border-radius: 1px !important;}&#8221;][vc_row_inner][vc_column_inner css=&#8221;.vc_custom_1519215938872{padding-left: 40px !important;}&#8221;][vc_column_text css=&#8221;.vc_custom_1551279950410{margin-bottom: 0px !important;}&#8221;]Julia Lacherstorfer was born in 1985 and raised in a traditional folk environment in Bad Hall, Upper Austria. She is a sound artist who is always intrigued by new styles and is not afraid to venture into new waters.<br \/>\nJulia works as an independent musician and composer in Austria and abroad. During her student times in Vienna and Linz, she formed several musical groups focusing on contemporary folk music. Her current projects, ALMA and Ramsch &amp; Rosen have received several awards. Recently, she joined the international project The Sharing Heritage \u2013 Love Tree Ensemble, led by the Danish violinist Harald Haugaard.<br \/>\nIn her work as a composer, she constantly walks the line between intuition and inspiration, between tradition and modernity, between concepts and free spirits.<br \/>\nAs of 2018, she is the co-director of the wellenkl\u00e6nge festival in Lunz am See, together with Simon Z\u00f6chbauer.<\/p>\n<p><a style=\"color: #5b8fb5;\" href=\"http:\/\/www.julialacherstorfer.at\" target=\"_blank\" rel=\"noopener\">www.julialacherstorfer.at<\/a>[\/vc_column_text][\/vc_column_inner][\/vc_row_inner][\/vc_column][vc_column width=&#8221;1\/4&#8243;][\/vc_column][\/vc_row][vc_row disable_element=&#8221;yes&#8221; el_class=&#8221;vl-text-justify&#8221; css=&#8221;.vc_custom_1593457838767{padding-top: 20px !important;padding-bottom: 40px !important;}&#8221;][vc_column width=&#8221;1\/4&#8243;][vc_custom_heading text=&#8221;Clara Tesch (DK) &#8221; font_container=&#8221;tag:h4|text_align:right|color:%235b8fb5&#8243; use_theme_fonts=&#8221;yes&#8221; css=&#8221;.vc_custom_1550951577063{padding-right: 20px !important;}&#8221;][vc_single_image image=&#8221;5641&#8243; img_size=&#8221;full&#8221; alignment=&#8221;right&#8221; onclick=&#8221;link_image&#8221; css=&#8221;.vc_custom_1550951571222{padding-right: 20px !important;}&#8221;][\/vc_column][vc_column width=&#8221;1\/2&#8243; css=&#8221;.vc_custom_1519215941688{border-left-width: 1px !important;border-left-color: #e1e0e1 !important;border-left-style: solid !important;border-radius: 1px !important;}&#8221;][vc_row_inner][vc_column_inner css=&#8221;.vc_custom_1519215938872{padding-left: 40px !important;}&#8221;][vc_column_text css=&#8221;.vc_custom_1551280114658{margin-bottom: 0px !important;}&#8221;]Clara Tesch (b. 1990) is an experienced and versatile folk violinist and composer with a background in classical music. She discovered folk music and dance in 2010, lost her heart to it\u00a0 and has passionately explored, played and danced it ever since.<br \/>\nShe studied at the folk music program at the Danish National Academy of Music and had in addition one year of studies at the renowned Skurups Folkh\u00f6gskola in Sk\u00e5ne, Sweden. Since graduating in 2016 she has been touring and playing around Scandinavia and Northern Europe with Floating Sofa Quartet (DK\/FI\/SE), Vesselil (DK) and Sp\u00f6ket i K\u00f6ket (DK\/SE\/BE) among others.<br \/>\nAs a musician she is very interested in the connection between music and dance, as well as composing new music and arranging and giving new life to traditional music. Although having primarily worked with Danish and Swedish music, she is experienced in and inspired by other traditions and genres.<\/p>\n<p>She has a lot of teaching experience in various contexts and in both instrument lessons and ensemble playing. Lately she has been doing courses in folk music in Denmark and Germany and a number of workshops in both music and dance at various festivals, music schools etc.<\/p>\n<p><a style=\"color: #5b8fb5;\" href=\"http:\/\/www.claratesch.dk\" target=\"_blank\" rel=\"noopener\">www.claratesch.dk<\/a>[\/vc_column_text][\/vc_column_inner][\/vc_row_inner][\/vc_column][vc_column width=&#8221;1\/4&#8243;][\/vc_column][\/vc_row][vc_row disable_element=&#8221;yes&#8221; el_class=&#8221;vl-text-justify&#8221; css=&#8221;.vc_custom_1623169271986{padding-top: 20px !important;padding-bottom: 40px !important;}&#8221;][vc_column width=&#8221;1\/4&#8243;][vc_custom_heading text=&#8221;Kevin Henderson (UK\/NOR)&#8221; font_container=&#8221;tag:h4|text_align:right|color:%235b8fb5&#8243; use_theme_fonts=&#8221;yes&#8221; css=&#8221;.vc_custom_1611951139179{padding-right: 20px !important;}&#8221;][vc_single_image image=&#8221;9736&#8243; img_size=&#8221;full&#8221; alignment=&#8221;right&#8221; onclick=&#8221;link_image&#8221; css=&#8221;.vc_custom_1612198698855{padding-right: 20px !important;}&#8221;][\/vc_column][vc_column width=&#8221;1\/2&#8243; css=&#8221;.vc_custom_1519215941688{border-left-width: 1px !important;border-left-color: #e1e0e1 !important;border-left-style: solid !important;border-radius: 1px !important;}&#8221;][vc_row_inner][vc_column_inner css=&#8221;.vc_custom_1519215938872{padding-left: 40px !important;}&#8221;][vc_column_text css=&#8221;.vc_custom_1611951519340{margin-bottom: 0px !important;}&#8221;]Kevin Henderson comes from the Shetland Islands, one of Scotland\u00b4s archipelagos with one of the richest fiddle traditions in the world. He is regarded as one of Shetlands finest fiddle players and is in hot demand playing with some of the best known groups and musicians in the folk music scene.<br \/>\nHe began playing the fiddle at the age of 9 taking private lessons with highly renowned Shetland fiddler Trevor Hunter and at the age of 10 studied under the late great Willie Hunter, arguably Shetlands finest ever fiddler. He is a founding member of award winning Shetland powerhouse, Fiddlers\u2019 Bid, formed in 1991, has been a member of folk music legends, Boys of the Lough, since 2001, a member of Scottish super group Session A9 since 2004 and co-founded the Nordic Fiddlers Bloc in 2009.<br \/>\nKevin has toured extensively throughout the world including the US, Canada, Japan, Australia and throughout Europe. He teaches at various fiddle-camps.<\/p>\n<p><a style=\"color: #5b8fb5;\" href=\"www.kevinhenderson.co.uk\" target=\"_blank\" rel=\"noopener\">www.kevinhenderson.co.uk<\/a>[\/vc_column_text][\/vc_column_inner][\/vc_row_inner][\/vc_column][vc_column width=&#8221;1\/4&#8243;][\/vc_column][\/vc_row][vc_row el_class=&#8221;vl-text-justify&#8221; css=&#8221;.vc_custom_1623169276722{padding-top: 20px !important;padding-bottom: 40px !important;}&#8221;][vc_column width=&#8221;1\/4&#8243;][vc_custom_heading text=&#8221; Michal Zak (PL)&#8221; font_container=&#8221;tag:h4|text_align:right|color:%235b8fb5&#8243; use_theme_fonts=&#8221;yes&#8221; css=&#8221;.vc_custom_1574616428950{padding-right: 20px !important;}&#8221;][vc_single_image image=&#8221;7343&#8243; img_size=&#8221;full&#8221; alignment=&#8221;right&#8221; onclick=&#8221;link_image&#8221; css=&#8221;.vc_custom_1578340643524{padding-right: 20px !important;}&#8221;][\/vc_column][vc_column width=&#8221;1\/2&#8243; css=&#8221;.vc_custom_1519215941688{border-left-width: 1px !important;border-left-color: #e1e0e1 !important;border-left-style: solid !important;border-radius: 1px !important;}&#8221;][vc_row_inner][vc_column_inner css=&#8221;.vc_custom_1519215938872{padding-left: 40px !important;}&#8221;][vc_column_text css=&#8221;.vc_custom_1578340830962{margin-bottom: 0px !important;}&#8221;]Musician, marathon runner, and traveler. Pupil of the master Breton flutist Jean-Michel Veillon.<br \/>\nFor some years now, he has been exploring the music of rural Poland. Co-founder of\u00a0<i data-stringify-type=\"italic\">Dom Ta\u0144ca\u00a0<\/i>(House of Dance) in Pozna\u0144, and musician in the bands that played there over the years. He collaborates with traditional music groups, exponents of world music, early music, jazz and fusion. Composes and creates music for silent films and theatre, and is active in educational circles.<br \/>\nHe has received several musical awards, for instance the\u00a0<i data-stringify-type=\"italic\">Nowa Tradycja<\/i>competition, organised by Polish Radio.<\/p>\n<p><a style=\"color: #5b8fb5;\" href=\"http:\/\/www.michalzak.pl\" target=\"_blank\" rel=\"noopener\">www.michalzak.pl<\/a>[\/vc_column_text][\/vc_column_inner][\/vc_row_inner][\/vc_column][vc_column width=&#8221;1\/4&#8243;][\/vc_column][\/vc_row][vc_row disable_element=&#8221;yes&#8221; el_class=&#8221;vl-text-justify&#8221; css=&#8221;.vc_custom_1590660147473{padding-top: 20px !important;padding-bottom: 40px !important;}&#8221;][vc_column width=&#8221;1\/4&#8243;][vc_custom_heading text=&#8221;Franz Huber (AT)&#8221; font_container=&#8221;tag:h4|text_align:right|color:%235b8fb5&#8243; use_theme_fonts=&#8221;yes&#8221; css=&#8221;.vc_custom_1574616341841{padding-right: 20px !important;}&#8221;][vc_single_image image=&#8221;5986&#8243; img_size=&#8221;full&#8221; alignment=&#8221;right&#8221; onclick=&#8221;link_image&#8221; css=&#8221;.vc_custom_1552041953004{padding-right: 20px !important;}&#8221;][\/vc_column][vc_column width=&#8221;1\/2&#8243; css=&#8221;.vc_custom_1519215941688{border-left-width: 1px !important;border-left-color: #e1e0e1 !important;border-left-style: solid !important;border-radius: 1px !important;}&#8221;][vc_row_inner][vc_column_inner css=&#8221;.vc_custom_1519215938872{padding-left: 40px !important;}&#8221;][vc_column_text css=&#8221;.vc_custom_1552041996110{margin-bottom: 0px !important;}&#8221;]The English text is coming soon&#8230;<br \/>\nSeit seiner fr\u00fchesten Jugend besch\u00e4ftigt sich Franz Huber mit dem Thema der Volkskultur, gr\u00fcndete die Volkstanzgruppe St. Valentin, war einer der Ersten in Nieder\u00f6sterreich, der mit der Volkskultur Nieder\u00f6sterreich und dem Club Nieder\u00f6sterreich Mitte der neunziger Jahre das nieder\u00f6sterreichische Musikfestival \u201eaufhOHRchen\u201c in St. Valentin veranstaltete. Seit diesem Zeitpunkt findet allj\u00e4hrlich das WiederaufOHRchen statt.<br \/>\nUnz\u00e4hlige Veranstaltungen musikalischer Art gehen auf sein Konto. Sein j\u00fcngstes Kind war die Gr\u00fcndung der Volksmusikgruppe \u201eVorstadtgeiger\u201c. Franz Huber hat in seinen Reihen hervorragende ausgebildete Musikerinnen, von denen man sogar behaupten k\u00f6nne, sie seien Profis, unter anderen die Musikschullehrerin Julia Weichselbaumer, Klarinette und Gesang, die Geigerinnen und S\u00e4ngerinnen Magdalena Pfaffeneder und Julia Schenkermayer sowie Michaela F\u00fcrnschlief, steirische Harmonika und Gesang.<\/p>\n<p>Er ist Tanzmeister bei gro\u00dfen Ballveranstaltungen (N\u00d6BB Austria Center, BOKU Ball Hofburg, N\u00d6 Trachtenball Grafenegg) und geht dieser Funktion mit gro\u00dfer Leidenschaft auch bei unserem Hausball nach![\/vc_column_text][\/vc_column_inner][\/vc_row_inner][\/vc_column][vc_column width=&#8221;1\/4&#8243;][\/vc_column][\/vc_row][vc_row][vc_column][vc_empty_space height=&#8221;50px&#8221;][\/vc_column][\/vc_row]<\/p>","protected":false},"excerpt":{"rendered":"<p>[vc_row full_width=&#8221;stretch_row_content_no_spaces&#8221; parallax=&#8221;content-moving-fade&#8221; parallax_speed_bg=&#8221;21.5&#8243;][vc_column][vc_empty_space height=&#8221;50px&#8221;][\/vc_column][\/vc_row][vc_row el_class=&#8221;vl-text-justify&#8221; css=&#8221;.vc_custom_1519215466730{padding-top: 20px !important;padding-bottom: 40px !important;}&#8221;][vc_column width=&#8221;1\/4&#8243;][vc_custom_heading text=&#8221;Johanna Kugler (AT)&#8221; font_container=&#8221;tag:h4|text_align:right|color:%235b8fb5&#8243; use_theme_fonts=&#8221;yes&#8221; css=&#8221;.vc_custom_1550949936717{padding-right: 20px !important;}&#8221;][vc_single_image image=&#8221;9733&#8243; img_size=&#8221;full&#8221; alignment=&#8221;right&#8221; onclick=&#8221;link_image&#8221; css=&#8221;.vc_custom_1612198671215{padding-right: 20px !important;}&#8221;][\/vc_column][vc_column width=&#8221;1\/2&#8243; css=&#8221;.vc_custom_1519215941688{border-left-width: 1px !important;border-left-color: #e1e0e1 !important;border-left-style: solid !important;border-radius: 1px !important;}&#8221;][vc_row_inner][vc_column_inner css=&#8221;.vc_custom_1519215938872{padding-left: 40px !important;}&#8221;][vc_column_text css=&#8221;.vc_custom_1551279922661{margin-bottom: 0px !important;}&#8221;] Johanna Kugler was born in Vienna and has been singing and playing the violin for several years. &#8230;<\/p>\n","protected":false},"author":1,"featured_media":0,"parent":3192,"menu_order":4,"comment_status":"closed","ping_status":"closed","template":"template-custom-page.php","meta":[],"_links":{"self":[{"href":"http:\/\/2021.wellenklaenge.at\/en\/wp-json\/wp\/v2\/pages\/3208"}],"collection":[{"href":"http:\/\/2021.wellenklaenge.at\/en\/wp-json\/wp\/v2\/pages"}],"about":[{"href":"http:\/\/2021.wellenklaenge.at\/en\/wp-json\/wp\/v2\/types\/page"}],"author":[{"embeddable":true,"href":"http:\/\/2021.wellenklaenge.at\/en\/wp-json\/wp\/v2\/users\/1"}],"replies":[{"embeddable":true,"href":"http:\/\/2021.wellenklaenge.at\/en\/wp-json\/wp\/v2\/comments?post=3208"}],"version-history":[{"count":74,"href":"http:\/\/2021.wellenklaenge.at\/en\/wp-json\/wp\/v2\/pages\/3208\/revisions"}],"predecessor-version":[{"id":10462,"href":"http:\/\/2021.wellenklaenge.at\/en\/wp-json\/wp\/v2\/pages\/3208\/revisions\/10462"}],"up":[{"embeddable":true,"href":"http:\/\/2021.wellenklaenge.at\/en\/wp-json\/wp\/v2\/pages\/3192"}],"wp:attachment":[{"href":"http:\/\/2021.wellenklaenge.at\/en\/wp-json\/wp\/v2\/media?parent=3208"}],"curies":[{"name":"wp","href":"https:\/\/api.w.org\/{rel}","templated":true}]}}