{"id":3117,"date":"2017-01-25T19:27:45","date_gmt":"2017-01-25T18:27:45","guid":{"rendered":"http:\/\/www.wellenklaenge.at\/cpm-2\/"},"modified":"2022-02-01T21:13:42","modified_gmt":"2022-02-01T20:13:42","slug":"cpm-referenten","status":"publish","type":"page","link":"http:\/\/2021.wellenklaenge.at\/en\/cpm\/cpm-referenten\/","title":{"rendered":"Composer-Performer Music Lab &#8211; Instructors"},"content":{"rendered":"<p>[vc_row full_width=&#8221;stretch_row_content_no_spaces&#8221; parallax=&#8221;content-moving-fade&#8221; parallax_speed_bg=&#8221;21.5&#8243;][vc_column]<div class=\"vl-default-header vl-parallax \" style=\"background-image: url(http:\/\/2021.wellenklaenge.at\/wp-content\/uploads\/2019\/02\/WKL_1908_CPM_FB-Banner_04.jpg);\"><div class=\"container\"><div class=\"vl-default-header--content\"><div class=\"vl-text-left\"><h1 class=\"vl-default-header--title\" style=\"color:#111111;\"><\/h1><\/div><\/div><\/div><\/div>[vc_empty_space height=&#8221;50px&#8221;][\/vc_column][\/vc_row][vc_row el_class=&#8221;vl-text-justify&#8221; css=&#8221;.vc_custom_1519215466730{padding-top: 20px !important;padding-bottom: 40px !important;}&#8221;][vc_column width=&#8221;1\/4&#8243;][vc_custom_heading text=&#8221;Ang\u00e9lica Castell\u00f3 (MEX):&#8221; font_container=&#8221;tag:h4|text_align:right|color:%235b8fb5&#8243; use_theme_fonts=&#8221;yes&#8221; css=&#8221;.vc_custom_1610739735874{padding-right: 20px !important;}&#8221;][vc_single_image image=&#8221;9607&#8243; img_size=&#8221;full&#8221; alignment=&#8221;right&#8221; onclick=&#8221;link_image&#8221; css=&#8221;.vc_custom_1610739962942{padding-right: 20px !important;}&#8221;][\/vc_column][vc_column width=&#8221;1\/2&#8243; css=&#8221;.vc_custom_1519215941688{border-left-width: 1px !important;border-left-color: #e1e0e1 !important;border-left-style: solid !important;border-radius: 1px !important;}&#8221;][vc_row_inner][vc_column_inner css=&#8221;.vc_custom_1519215938872{padding-left: 40px !important;}&#8221;][vc_column_text css=&#8221;.vc_custom_1616059229045{margin-bottom: 0px !important;}&#8221;]Recorder player, composer, improviser, sound artist, curator, teacher.<\/p>\n<p>Born in Mexico City in 1972, Castell\u00f3 studied music in her native town at the Conservatorio Nacional de M\u00e9xico, at the Universit\u00e9 de Montr\u00e9al, at the Conservatorium van Amsterdam, at the Konservatorium der Stadt Wien and at the Department of Composition and Electroacoustics at the University of Music and Performing Arts Vienna. Since 1999, she has lived in Vienna, where she is a teacher. In the year 2004, she founded the concert series \u201cNeue Musik in St. Ruprecht\u201d, and has organised hundreds of concerts and events.<br \/>\nEven though she remains devoted to old music, new and electroacoustic music take center stage in her work. She co-founded the ensembles Low Frequency Orchestra, frufru (with Maja Osojnik), cilantro (with Billy Roisz), subshrubs (with Katharina Klement, Tamara Wilhelm and Maja Osojnik) and Chesterfield (with Burkhard Stangl) Plenum, Zimt (with Gunter Schneider, Barbara Romen and Burkhard Stangl) a.o.. She has performed in Europe and America with these ensembles and with other musicians such as, Martin Siewert, John Butcher, Dafne Vicente-Sandoval, Urkuma, Franz Hautzinger, Isabelle Duthoit, dieb13, Jerome Noetinger, Mario de Vega, Attila Faraveli, Kazu Uchihashi, Bonnie Jones, Juanjose Rivas, Steve Bates, Olga Neuwirth, Wolfgang Mitterer and others.<\/p>\n<p>As a composer, she writes for her own instruments (mainly the Paetzold sub great bass recorder, with and without electronics) and for ensembles (amongst them the Danubia Saxophonquartett, Reconsil Ensemble Vienna and the Haydn Piano Trio) as well as Electroacustic Works. Her music has been published by the labels Mosz, Instertellar Records, Orlando Records, einklang_records, Mandorla Label, Mikroton Recordings, Monotype Records and chmafu nocords. Numerous composers, including Hilda Paredes, Daniel de la Cuesta, Katharina Klement, Burkhard Stangl, Jorge S\u00e1nchez-Chiong, and Mario Lavista, have worked with Ang\u00e9lica Castell\u00f3 or dedicated pieces to her. In recent years, Castell\u00f3\u2019s work has included installations that operate at the interface of music, performance and visual arts (Electroaltar, Electroaltar for J.C., Electroaltar f\u00fcr C.N., Margarita&#8217; Stillleben Theater).<\/p>\n<p>Her debut album, \u201cBestario\u201d, unites the multifaceted nature of Ang\u00e9lica Castell\u00f3\u2019s work: Recordings of her own instruments serve as the raw material for pieces in which she edits the sounds of her flutes, sometimes beyond recognition, and combines them with frequently deformed fragments of other elements \u2014 be they electronically produced or found elsewhere \u2014 to a musical entity in which multiple layers overlap. She weaves existing pieces of other composers, such as Bach, into these contemporary forms of electronic processing, thereby referencing her work as an interpreter of old music. Even though her other sources of inspiration, such as from literature or visual arts, often have specific roots, they lead Castell\u00f3 to an abstract engagement with such topics as death, and dealing with traumatic encounters. Wide-ranging combinations of sounds that are constantly and sometimes simultaneously moving in different directions provide continuity as well as surprises, and when listened to repeatedly, they shed new light on the beasts from literature, the animal kingdom, and daily life that have been set to music.<\/p>\n<p><span style=\"color: #5b8fb5;\"><a style=\"color: #5b8fb5;\" href=\"http:\/\/castello.klingt.org\" target=\"_blank\" rel=\"noopener\">www.castello.klingt.org <\/a><\/span>[\/vc_column_text][\/vc_column_inner][\/vc_row_inner][\/vc_column][vc_column width=&#8221;1\/4&#8243;][vc_custom_heading text=&#8221;Menu&#8221; font_container=&#8221;tag:h2|font_size:12|text_align:right&#8221; use_theme_fonts=&#8221;yes&#8221;][vc_custom_heading text=&#8221;CPM-Lab&#8221; font_container=&#8221;tag:h3|font_size:22|text_align:right&#8221; use_theme_fonts=&#8221;yes&#8221;][vc_wp_custommenu nav_menu=&#8221;165&#8243;][vc_empty_space height=&#8221;32&#8243;][vc_btn title=&#8221;SIGN IN HERE&#8221; style=&#8221;custom&#8221; custom_background=&#8221;#5b8fb5&#8243; custom_text=&#8221;#ffffff&#8221; shape=&#8221;square&#8221; align=&#8221;right&#8221; css_animation=&#8221;fadeInRight&#8221; link=&#8221;url:https%3A%2F%2Fwww.wellenklaenge.at%2Fde%2Fcpm%2Fcpm-anmeldung%2F|||&#8221;][\/vc_column][\/vc_row][vc_row el_class=&#8221;vl-text-justify&#8221; css=&#8221;.vc_custom_1519215466730{padding-top: 20px !important;padding-bottom: 40px !important;}&#8221;][vc_column width=&#8221;1\/4&#8243;][vc_custom_heading text=&#8221;David Six (AT):&#8221; font_container=&#8221;tag:h4|text_align:right|color:%235b8fb5&#8243; use_theme_fonts=&#8221;yes&#8221; css=&#8221;.vc_custom_1550924209077{padding-right: 20px !important;}&#8221;][vc_single_image image=&#8221;5420&#8243; img_size=&#8221;full&#8221; alignment=&#8221;right&#8221; onclick=&#8221;link_image&#8221; css=&#8221;.vc_custom_1550944975626{padding-right: 20px !important;}&#8221;][\/vc_column][vc_column width=&#8221;1\/2&#8243; css=&#8221;.vc_custom_1519215941688{border-left-width: 1px !important;border-left-color: #e1e0e1 !important;border-left-style: solid !important;border-radius: 1px !important;}&#8221;][vc_row_inner][vc_column_inner css=&#8221;.vc_custom_1519215938872{padding-left: 40px !important;}&#8221;][vc_column_text css=&#8221;.vc_custom_1583666207511{margin-bottom: 0px !important;}&#8221;]<strong>improvisation, composition, ensemble work<\/strong><\/p>\n<p><em>&#8220;David Six excels in creating vast spheres that bestow a profound validity on every single note, every tune, and any tonal experiment without being too rational about it.&#8221;\u00a0<\/em>(Michael Ternai)<\/p>\n<p><span style=\"color: #5b8fb5;\"><a style=\"color: #5b8fb5;\" href=\"https:\/\/www.davidsix.com\/\" target=\"_blank\" rel=\"noopener\">www.davidsix.com<\/a><\/span>[\/vc_column_text][vc_empty_space][vc_video link=&#8221;https:\/\/www.youtube.com\/watch?v=NTszZtMjXzI&#8221;][\/vc_column_inner][\/vc_row_inner][\/vc_column][vc_column width=&#8221;1\/4&#8243;][\/vc_column][\/vc_row][vc_row el_class=&#8221;vl-text-justify&#8221; css=&#8221;.vc_custom_1519215466730{padding-top: 20px !important;padding-bottom: 40px !important;}&#8221;][vc_column width=&#8221;1\/4&#8243;][vc_custom_heading text=&#8221;Simon Z\u00f6chbauer (AT):&#8221; font_container=&#8221;tag:h4|text_align:right|color:%235b8fb5&#8243; use_theme_fonts=&#8221;yes&#8221; css=&#8221;.vc_custom_1583665993705{padding-right: 20px !important;}&#8221;][vc_single_image image=&#8221;7352&#8243; img_size=&#8221;full&#8221; alignment=&#8221;right&#8221; onclick=&#8221;link_image&#8221; css=&#8221;.vc_custom_1583666023377{padding-right: 20px !important;}&#8221;][\/vc_column][vc_column width=&#8221;1\/2&#8243; css=&#8221;.vc_custom_1519215941688{border-left-width: 1px !important;border-left-color: #e1e0e1 !important;border-left-style: solid !important;border-radius: 1px !important;}&#8221;][vc_row_inner][vc_column_inner css=&#8221;.vc_custom_1519215938872{padding-left: 40px !important;}&#8221;][vc_column_text css=&#8221;.vc_custom_1583666089799{margin-bottom: 0px !important;}&#8221;]<strong>workshop management, improvisation, composition, ensemble<\/strong><\/p>\n<p>As both composer and musician, Simon Z\u00f6chbauer is an enquiring spirit. Freethinking and playful, with the meticulousness of a scholar and the profundity of a philosopher he charts musical landscapes, burrows for roots and looks behind the facades which make up his everyday reality.<\/p>\n<p>His trumpet studies eventually led him down the Danube from the Anton Bruckner University in Linz to the Universit\u00e4t fu\u0308r Musik und darstellende Kunst Wien, from where he graduated in specialized concert studies in 2015. In addition to his work with classical music and its technical possibilities, Z\u00f6chbauer earlier explored traditional music and its translation into the present. With his now internationally celebrated ensemble Federspiel, which has already played on the best-known concert stages throughout the world (Goldener Saal of the Musikverein Wien, the Berliner Philharmonie, the Elbphilharmonie Hamburg and many more), he digs down for roots and underlying soil.<\/p>\n<p>In his first solo project, with which Z\u00f6chbauer now celebrated his debut in March 2019, his compositions open up to contemporary and electronic impulses as well the influences of sacred music. With the release of the album \u201cAchad\u201d and, no less importantly, his role as of 2018 as artistic director of the wellenkl\u00e6nge festival Lunz am See, the present is emerging ever more clearly as the focus of his creative activity. Z\u00f6chbauer\u2019s searching preoccupation with music and its creative conditions unlocks spaces which project out from the moment into the temporal past and future in equal measure.<\/p>\n<p><span style=\"color: #5b8fb5;\"><a style=\"color: #5b8fb5;\" href=\"https:\/\/www.simon-zoechbauer.at\" target=\"_blank\" rel=\"noopener\">www.simon-zoechbauer.at<\/a><\/span>[\/vc_column_text][vc_empty_space][vc_video link=&#8221;https:\/\/www.youtube.com\/watch?v=AdjGt5KlpcA&#8221;][\/vc_column_inner][\/vc_row_inner][\/vc_column][vc_column width=&#8221;1\/4&#8243;][\/vc_column][\/vc_row][vc_row disable_element=&#8221;yes&#8221; el_class=&#8221;vl-text-justify&#8221; css=&#8221;.vc_custom_1615893520113{padding-top: 20px !important;padding-bottom: 40px !important;}&#8221;][vc_column width=&#8221;1\/4&#8243;][vc_custom_heading text=&#8221;Thomas Grill (A):&#8221; font_container=&#8221;tag:h4|text_align:right|color:%235b8fb5&#8243; use_theme_fonts=&#8221;yes&#8221; css=&#8221;.vc_custom_1610739255863{padding-right: 20px !important;}&#8221;][vc_custom_heading text=&#8221;(Guest speaker)&#8221; font_container=&#8221;tag:h4|font_size:12|text_align:right|color:%235b8fb5&#8243; use_theme_fonts=&#8221;yes&#8221; css=&#8221;.vc_custom_1610739396426{padding-right: 20px !important;}&#8221;][vc_single_image image=&#8221;3186&#8243; img_size=&#8221;full&#8221; alignment=&#8221;right&#8221; onclick=&#8221;link_image&#8221; css=&#8221;.vc_custom_1519303369271{padding-right: 20px !important;}&#8221;][\/vc_column][vc_column width=&#8221;1\/2&#8243; css=&#8221;.vc_custom_1519215941688{border-left-width: 1px !important;border-left-color: #e1e0e1 !important;border-left-style: solid !important;border-radius: 1px !important;}&#8221;][vc_row_inner][vc_column_inner css=&#8221;.vc_custom_1519215938872{padding-left: 40px !important;}&#8221;][vc_column_text css=&#8221;.vc_custom_1583666126303{margin-bottom: 0px !important;}&#8221;]<strong>sound art, electroacoustic music<\/strong><\/p>\n<p style=\"text-align: left;\">Individual bachelor and master studies of Interactive Electronic Instruments at the University of Music and Performing Arts, Vienna. Doctoral degree in Composition and Music Theory at the University of Music and Performing Arts, Graz.<br \/>\nScientific research in fields of sound perception, analysis and modeling, interactive electronic instruments, and machine learning. Development of commercial and open-source software, electronic instruments and interactive media systems. Conception and realization of multi-media installations and live electronics in the context of contemporary music. Scientific publications, lectures and workshops at international institutions and conferences.<br \/>\nArtistic work in most varied fields of audible and trans-media art, ranging from interactive and net-based audiovisual installation and photography to instrumental composition and electro-acoustic group improvisation. Numerous presentations of own compositions and installations at international festivals. Regular appearances as interpreter of composed contemporary music, as well as performer of structural and free improvisation. Ongoing cooperation with renowned artists in the fields of music, poetry, theater, dance and video. Works published on CD and DVD.<br \/>\nLectureships at the University of Applied Arts and the University of Music and Performing Arts in Vienna. Senior researcher at the Austrian Research Institute for Artificial Intelligence (OFAI). Conception and management of projects in scientific, artistic and commercial contexts. Curator for the concert series for contemporary and experimental music \u201cNeue Musik in St. Ruprecht\u201d in Vienna. Thomas Grill lives and works in Vienna, Austria.<\/p>\n<p style=\"text-align: left;\"><span style=\"color: #5b8fb5;\"><a style=\"color: #5b8fb5;\" href=\"http:\/\/grrrr.org\" target=\"_blank\" rel=\"noopener\">http:\/\/grrrr.org<\/a><\/span><\/p>\n<p>[\/vc_column_text][vc_empty_space][vc_video link=&#8221;https:\/\/www.youtube.com\/watch?v=AnnTJvAejzo&#8221;][\/vc_column_inner][\/vc_row_inner][\/vc_column][vc_column width=&#8221;1\/4&#8243;][\/vc_column][\/vc_row][vc_row][vc_column][vc_empty_space height=&#8221;50px&#8221;][\/vc_column][\/vc_row]<\/p>","protected":false},"excerpt":{"rendered":"<p>[vc_row full_width=&#8221;stretch_row_content_no_spaces&#8221; parallax=&#8221;content-moving-fade&#8221; parallax_speed_bg=&#8221;21.5&#8243;][vc_column][vc_empty_space height=&#8221;50px&#8221;][\/vc_column][\/vc_row][vc_row el_class=&#8221;vl-text-justify&#8221; css=&#8221;.vc_custom_1519215466730{padding-top: 20px !important;padding-bottom: 40px !important;}&#8221;][vc_column width=&#8221;1\/4&#8243;][vc_custom_heading text=&#8221;Ang\u00e9lica Castell\u00f3 (MEX):&#8221; font_container=&#8221;tag:h4|text_align:right|color:%235b8fb5&#8243; use_theme_fonts=&#8221;yes&#8221; css=&#8221;.vc_custom_1610739735874{padding-right: 20px !important;}&#8221;][vc_single_image image=&#8221;9607&#8243; img_size=&#8221;full&#8221; alignment=&#8221;right&#8221; onclick=&#8221;link_image&#8221; css=&#8221;.vc_custom_1610739962942{padding-right: 20px !important;}&#8221;][\/vc_column][vc_column width=&#8221;1\/2&#8243; css=&#8221;.vc_custom_1519215941688{border-left-width: 1px !important;border-left-color: #e1e0e1 !important;border-left-style: solid !important;border-radius: 1px !important;}&#8221;][vc_row_inner][vc_column_inner css=&#8221;.vc_custom_1519215938872{padding-left: 40px !important;}&#8221;][vc_column_text css=&#8221;.vc_custom_1616059229045{margin-bottom: 0px !important;}&#8221;]Recorder player, composer, improviser, sound artist, curator, teacher. Born in Mexico City in 1972, Castell\u00f3 studied music in &#8230;<\/p>\n","protected":false},"author":1,"featured_media":0,"parent":3071,"menu_order":4,"comment_status":"closed","ping_status":"closed","template":"template-custom-page.php","meta":[],"_links":{"self":[{"href":"http:\/\/2021.wellenklaenge.at\/en\/wp-json\/wp\/v2\/pages\/3117"}],"collection":[{"href":"http:\/\/2021.wellenklaenge.at\/en\/wp-json\/wp\/v2\/pages"}],"about":[{"href":"http:\/\/2021.wellenklaenge.at\/en\/wp-json\/wp\/v2\/types\/page"}],"author":[{"embeddable":true,"href":"http:\/\/2021.wellenklaenge.at\/en\/wp-json\/wp\/v2\/users\/1"}],"replies":[{"embeddable":true,"href":"http:\/\/2021.wellenklaenge.at\/en\/wp-json\/wp\/v2\/comments?post=3117"}],"version-history":[{"count":63,"href":"http:\/\/2021.wellenklaenge.at\/en\/wp-json\/wp\/v2\/pages\/3117\/revisions"}],"predecessor-version":[{"id":11487,"href":"http:\/\/2021.wellenklaenge.at\/en\/wp-json\/wp\/v2\/pages\/3117\/revisions\/11487"}],"up":[{"embeddable":true,"href":"http:\/\/2021.wellenklaenge.at\/en\/wp-json\/wp\/v2\/pages\/3071"}],"wp:attachment":[{"href":"http:\/\/2021.wellenklaenge.at\/en\/wp-json\/wp\/v2\/media?parent=3117"}],"curies":[{"name":"wp","href":"https:\/\/api.w.org\/{rel}","templated":true}]}}